{"id":2495,"date":"2026-03-23T15:02:00","date_gmt":"2026-03-23T15:02:00","guid":{"rendered":"https:\/\/dev.armandinolopesadvogados.pt\/dev\/?page_id=2495"},"modified":"2026-03-23T15:04:36","modified_gmt":"2026-03-23T15:04:36","slug":"cristina-freitas-2","status":"publish","type":"page","link":"https:\/\/dev.armandinolopesadvogados.pt\/dev\/sobre-nos\/cristina-freitas-2\/","title":{"rendered":"Cristina Freitas"},"content":{"rendered":"\t\t<div data-elementor-type=\"wp-page\" data-elementor-id=\"2495\" class=\"elementor elementor-2495\">\n\t\t\t\t<div class=\"elementor-element elementor-element-8abe04e e-flex e-con-boxed e-con e-parent\" data-id=\"8abe04e\" data-element_type=\"container\" data-e-type=\"container\" data-settings=\"{&quot;background_background&quot;:&quot;classic&quot;}\">\n\t\t\t\t\t<div class=\"e-con-inner\">\n\t\t<div class=\"elementor-element elementor-element-067c4b4 e-con-full e-flex e-con e-child\" data-id=\"067c4b4\" data-element_type=\"container\" data-e-type=\"container\">\n\t\t<div class=\"elementor-element elementor-element-f734568 e-con-full e-flex e-con e-child\" data-id=\"f734568\" data-element_type=\"container\" data-e-type=\"container\">\n\t\t\t\t<div class=\"elementor-element elementor-element-368df6e elementor-widget elementor-widget-heading\" data-id=\"368df6e\" data-element_type=\"widget\" data-e-type=\"widget\" data-widget_type=\"heading.default\">\n\t\t\t\t\t<h2 class=\"elementor-heading-title elementor-size-default\">A Nossa Equipa<\/h2>\t\t\t\t<\/div>\n\t\t\t\t<div class=\"elementor-element elementor-element-7b76504 elementor-widget elementor-widget-text-editor\" data-id=\"7b76504\" data-element_type=\"widget\" data-e-type=\"widget\" data-widget_type=\"text-editor.default\">\n\t\t\t\t\t\t\t\t\t<p>Conhe\u00e7a os profissionais que d\u00e3o rosto ao nosso compromisso com o rigor, a proximidade e a excel\u00eancia jur\u00eddica.<\/p>\t\t\t\t\t\t\t\t<\/div>\n\t\t\t\t<\/div>\n\t\t\t\t<\/div>\n\t\t\t\t\t<\/div>\n\t\t\t\t<\/div>\n\t\t<div class=\"elementor-element elementor-element-5252140 e-flex e-con-boxed e-con e-parent\" data-id=\"5252140\" data-element_type=\"container\" data-e-type=\"container\">\n\t\t\t\t\t<div class=\"e-con-inner\">\n\t\t<div class=\"elementor-element elementor-element-3fa10f2 e-con-full e-flex e-con e-child\" data-id=\"3fa10f2\" data-element_type=\"container\" data-e-type=\"container\">\n\t\t\t\t<div class=\"elementor-element elementor-element-7d44440 elementor-widget elementor-widget-image\" data-id=\"7d44440\" data-element_type=\"widget\" data-e-type=\"widget\" data-widget_type=\"image.default\">\n\t\t\t\t\t\t\t\t\t\t\t\t\t\t\t<img fetchpriority=\"high\" decoding=\"async\" width=\"683\" height=\"1024\" src=\"https:\/\/dev.armandinolopesadvogados.pt\/dev\/wp-content\/uploads\/2026\/03\/Cristina-Freitas-683x1024.png\" class=\"attachment-large size-large wp-image-2456\" alt=\"Cristina Freitas\" srcset=\"https:\/\/dev.armandinolopesadvogados.pt\/dev\/wp-content\/uploads\/2026\/03\/Cristina-Freitas-683x1024.png 683w, https:\/\/dev.armandinolopesadvogados.pt\/dev\/wp-content\/uploads\/2026\/03\/Cristina-Freitas-200x300.png 200w, https:\/\/dev.armandinolopesadvogados.pt\/dev\/wp-content\/uploads\/2026\/03\/Cristina-Freitas-768x1152.png 768w, https:\/\/dev.armandinolopesadvogados.pt\/dev\/wp-content\/uploads\/2026\/03\/Cristina-Freitas.png 1024w\" sizes=\"(max-width: 683px) 100vw, 683px\" \/>\t\t\t\t\t\t\t\t\t\t\t\t\t\t\t<\/div>\n\t\t\t\t<\/div>\n\t\t<div class=\"elementor-element elementor-element-ec3f1a0 e-con-full e-flex e-con e-child\" data-id=\"ec3f1a0\" data-element_type=\"container\" data-e-type=\"container\">\n\t\t\t\t<div class=\"elementor-element elementor-element-e56e3e7 elementor-widget elementor-widget-heading\" data-id=\"e56e3e7\" data-element_type=\"widget\" data-e-type=\"widget\" data-widget_type=\"heading.default\">\n\t\t\t\t\t<h2 class=\"elementor-heading-title elementor-size-default\">Assessoria e Comunica\u00e7\u00e3o<\/h2>\t\t\t\t<\/div>\n\t\t\t\t<div class=\"elementor-element elementor-element-f02be2e elementor-widget elementor-widget-heading\" data-id=\"f02be2e\" data-element_type=\"widget\" data-e-type=\"widget\" data-widget_type=\"heading.default\">\n\t\t\t\t\t<h2 class=\"elementor-heading-title elementor-size-default\">Cristina Freitas<\/h2>\t\t\t\t<\/div>\n\t\t\t\t<div class=\"elementor-element elementor-element-0d31444 elementor-widget-divider--view-line elementor-widget elementor-widget-divider\" data-id=\"0d31444\" data-element_type=\"widget\" data-e-type=\"widget\" data-widget_type=\"divider.default\">\n\t\t\t\t\t\t\t<div class=\"elementor-divider\">\n\t\t\t<span class=\"elementor-divider-separator\">\n\t\t\t\t\t\t<\/span>\n\t\t<\/div>\n\t\t\t\t\t\t<\/div>\n\t\t\t\t<div class=\"elementor-element elementor-element-d01e978 elementor-widget elementor-widget-text-editor\" data-id=\"d01e978\" data-element_type=\"widget\" data-e-type=\"widget\" data-widget_type=\"text-editor.default\">\n\t\t\t\t\t\t\t\t\t<p>A Cristina integra a Armandino Lopes Advogados como Assistente Jur\u00eddica, sendo frequentemente o primeiro ponto de contacto com os clientes. Com forma\u00e7\u00e3o em Marketing e um percurso profissional s\u00f3lido nas \u00e1reas administrativa, financeira, recupera\u00e7\u00e3o de cr\u00e9dito e apoio jur\u00eddico, destaca-se pela sua experi\u00eancia, organiza\u00e7\u00e3o e capacidade de acolhimento.<\/p><p>Na equipa, assegura um acompanhamento inicial pr\u00f3ximo, cordial e profissional, contribuindo diariamente para um atendimento eficiente, humano e orientado para as necessidades de cada cliente.<\/p>\t\t\t\t\t\t\t\t<\/div>\n\t\t\t\t<div class=\"elementor-element elementor-element-7d51a82 elementor-widget-divider--view-line elementor-widget elementor-widget-divider\" data-id=\"7d51a82\" data-element_type=\"widget\" data-e-type=\"widget\" data-widget_type=\"divider.default\">\n\t\t\t\t\t\t\t<div class=\"elementor-divider\">\n\t\t\t<span class=\"elementor-divider-separator\">\n\t\t\t\t\t\t<\/span>\n\t\t<\/div>\n\t\t\t\t\t\t<\/div>\n\t\t\t\t<div class=\"elementor-element elementor-element-ac4d64f elementor-icon-list--layout-traditional elementor-list-item-link-full_width elementor-widget elementor-widget-icon-list\" data-id=\"ac4d64f\" data-element_type=\"widget\" data-e-type=\"widget\" data-widget_type=\"icon-list.default\">\n\t\t\t\t\t\t\t<ul class=\"elementor-icon-list-items\">\n\t\t\t\t\t\t\t<li class=\"elementor-icon-list-item\">\n\t\t\t\t\t\t\t\t\t\t\t<a href=\"mailto:cristinafreitas@armandinolopesadvogados.pt\">\n\n\t\t\t\t\t\t\t\t\t\t\t\t<span class=\"elementor-icon-list-icon\">\n\t\t\t\t\t\t\t<svg xmlns=\"http:\/\/www.w3.org\/2000\/svg\" viewBox=\"0 0 24 24\"><path d=\"M23.878 9.493a3.38 3.38 0 0 0-.528-1.097c-.272-.375-.595-.634-1.181-1.103l-6.87-5.501C14.377 1.054 13.87.648 13.21.459a3.403 3.403 0 0 0-1.784-.024c-.666.17-1.184.562-2.125 1.274L1.937 7.277c-.62.47-.963.728-1.249 1.108A3.397 3.397 0 0 0 .13 9.507C0 9.964 0 10.393 0 11.172v7.617c0 1.478 0 2.292.372 3.022a3.4 3.4 0 0 0 1.49 1.491c.73.37 1.542.37 3.018.37h14.24c1.475 0 2.287 0 3.017-.37a3.39 3.39 0 0 0 1.491-1.492C24 21.081 24 20.27 24 18.794v-7.702c0-.746 0-1.158-.122-1.599ZM10.455 3.236c.744-.563 1.153-.873 1.446-.947.256-.066.527-.062.783.01.289.083.69.405 1.419.987l6.785 5.434-7.132 5.386c-.71.521-1.1.808-1.381.88a1.516 1.516 0 0 1-.75 0c-.279-.071-.669-.357-1.37-.872l-7.098-5.36 7.298-5.518Zm11.631 15.558c0 1.14 0 1.827-.163 2.148a1.496 1.496 0 0 1-.655.654c-.32.163-1.007.163-2.148.163H4.88c-1.141 0-1.83 0-2.148-.163a1.489 1.489 0 0 1-.655-.654c-.163-.32-.163-1.01-.163-2.153v-7.617c0-.439 0-.735.021-.942l7.12 5.374c.018.016.04.033.06.047.9.66 1.396 1.025 2.03 1.19.56.143 1.15.144 1.71-.001.637-.166 1.133-.53 2.044-1.199l7.17-5.414c.017.195.017.47.017.865v7.702Z\"><\/path><\/svg>\t\t\t\t\t\t<\/span>\n\t\t\t\t\t\t\t\t\t\t<span class=\"elementor-icon-list-text\">cristinafreitas@armandinolopesadvogados.pt<\/span>\n\t\t\t\t\t\t\t\t\t\t\t<\/a>\n\t\t\t\t\t\t\t\t\t<\/li>\n\t\t\t\t\t\t<\/ul>\n\t\t\t\t\t\t<\/div>\n\t\t\t\t<\/div>\n\t\t\t\t\t<\/div>\n\t\t\t\t<\/div>\n\t\t<div class=\"elementor-element elementor-element-3e2fc51 e-flex e-con-boxed e-con e-parent\" data-id=\"3e2fc51\" data-element_type=\"container\" data-e-type=\"container\" data-settings=\"{&quot;background_background&quot;:&quot;classic&quot;}\">\n\t\t\t\t\t<div class=\"e-con-inner\">\n\t\t\t\t<div class=\"elementor-element elementor-element-8d4463b elementor-widget elementor-widget-text-editor\" data-id=\"8d4463b\" data-element_type=\"widget\" data-e-type=\"widget\" data-widget_type=\"text-editor.default\">\n\t\t\t\t\t\t\t\t\t<p>A Cristina integra a equipa da Armandino Lopes Advogados nas fun\u00e7\u00f5es de Assistente Jur\u00eddica. Licenciada em Marketing pela Universidade Fernando Pessoa, conta com uma carreira diversificada e s\u00f3lida: durante 19 anos desempenhou fun\u00e7\u00f5es como Gestora de Conta, onde desenvolveu compet\u00eancias aprofundadas nas \u00e1reas financeira, administrativa e de recupera\u00e7\u00e3o de cr\u00e9dito. H\u00e1 cerca de uma d\u00e9cada, ingressou na \u00e1rea jur\u00eddica, onde acumulou uma experi\u00eancia consolidada que a torna uma profissional altamente qualificada.<\/p><p>Na Armandino Lopes Advogados, a Cristina \u00e9 o primeiro ponto de contacto dos nossos clientes. Com uma abordagem cordial e profissional, recebe cada cliente com aten\u00e7\u00e3o e simpatia, orientando-o numa primeira fase e encaminhando-o para o Advogado ou Advogada que melhor se adequa \u00e0s suas necessidades \u2014 qualidades fundamentais para criar um ambiente de confian\u00e7a e apoio desde o momento em que a porta da Armandino Lopes Advogados se abre.<\/p><p>Comunicadora eficaz e presen\u00e7a de confian\u00e7a para clientes e equipa, alia dedica\u00e7\u00e3o, compet\u00eancia e sentido de responsabilidade ao trabalho que desenvolve diariamente na Armandino Lopes Advogados.<\/p>\t\t\t\t\t\t\t\t<\/div>\n\t\t\t\t\t<\/div>\n\t\t\t\t<\/div>\n\t\t<div class=\"elementor-element elementor-element-f37eb4f e-flex e-con-boxed e-con e-parent\" data-id=\"f37eb4f\" data-element_type=\"container\" data-e-type=\"container\">\n\t\t\t\t\t<div class=\"e-con-inner\">\n\t\t<div class=\"elementor-element elementor-element-588dde2 e-con-full e-flex e-con e-child\" data-id=\"588dde2\" data-element_type=\"container\" data-e-type=\"container\" data-settings=\"{&quot;background_background&quot;:&quot;classic&quot;}\">\n\t\t\t\t<div class=\"elementor-element elementor-element-eebcbf0 elementor-widget__width-initial elementor-view-default elementor-widget elementor-widget-icon\" data-id=\"eebcbf0\" data-element_type=\"widget\" data-e-type=\"widget\" data-widget_type=\"icon.default\">\n\t\t\t\t\t\t\t<div class=\"elementor-icon-wrapper\">\n\t\t\t<div class=\"elementor-icon\">\n\t\t\t<svg xmlns=\"http:\/\/www.w3.org\/2000\/svg\" viewBox=\"0 0 24 24\"><path d=\"M12 0C5.383 0 0 5.383 0 12c0 1.56.295 3.079.878 4.514.066.161.106.252.131.37-.003.064-.019.138-.042.28L.239 21.53c-.096.58-.16.962.02 1.385.16.371.452.664.827.825.422.18.804.116 1.384.02l4.378-.73c.13-.02.21-.045.316-.034.07.02.16.06.323.125C8.92 23.705 10.439 24 12 24c6.617 0 12-5.383 12-12S18.617 0 12 0Zm0 22.086a10.02 10.02 0 0 1-3.797-.74c-.283-.114-.438-.176-.609-.215a2.013 2.013 0 0 0-.482-.054c-.137 0-.286.018-.591.068l-4.366.728-.033.005.005-.033.73-4.38a3.56 3.56 0 0 0 .066-.577c0-.169-.016-.311-.053-.478-.04-.176-.103-.332-.219-.617A10.03 10.03 0 0 1 1.914 12C1.914 6.438 6.439 1.914 12 1.914c5.562 0 10.086 4.524 10.086 10.086S17.562 22.086 12 22.086ZM6.135 8.933c0-.529.429-.957.957-.957H12a.957.957 0 0 1 0 1.913H7.092a.957.957 0 0 1-.957-.957Zm10.503 4.294a.957.957 0 0 1-.957.957H7.092a.957.957 0 0 1 0-1.914h8.589c.528 0 .957.428.957.957Z\"><\/path><\/svg>\t\t\t<\/div>\n\t\t<\/div>\n\t\t\t\t\t\t<\/div>\n\t\t<div class=\"elementor-element elementor-element-2437e41 e-con-full e-flex e-con e-child\" data-id=\"2437e41\" data-element_type=\"container\" data-e-type=\"container\">\n\t\t\t\t<div class=\"elementor-element elementor-element-c2eef0d elementor-widget__width-initial elementor-widget elementor-widget-text-editor\" data-id=\"c2eef0d\" data-element_type=\"widget\" data-e-type=\"widget\" data-widget_type=\"text-editor.default\">\n\t\t\t\t\t\t\t\t\t<p>Apoio Jur\u00eddico Presencial ou Online<\/p>\t\t\t\t\t\t\t\t<\/div>\n\t\t\t\t<div class=\"elementor-element elementor-element-527b1d9 elementor-widget__width-initial elementor-widget elementor-widget-heading\" data-id=\"527b1d9\" data-element_type=\"widget\" data-e-type=\"widget\" data-widget_type=\"heading.default\">\n\t\t\t\t\t<h3 class=\"elementor-heading-title elementor-size-default\">Rigor, experi\u00eancia e confidencialidade<\/h3>\t\t\t\t<\/div>\n\t\t\t\t<div class=\"elementor-element elementor-element-d78b806 elementor-widget__width-initial elementor-widget elementor-widget-text-editor\" data-id=\"d78b806\" data-element_type=\"widget\" data-e-type=\"widget\" data-widget_type=\"text-editor.default\">\n\t\t\t\t\t\t\t\t\t<p>Agende uma consulta com o nosso escrit\u00f3rio e receba orienta\u00e7\u00e3o clara, profissional e ajustada ao seu caso.<\/p>\t\t\t\t\t\t\t\t<\/div>\n\t\t\t\t<div class=\"elementor-element elementor-element-708f2d5 ct-button-icon elementor-widget elementor-widget-button\" data-id=\"708f2d5\" data-element_type=\"widget\" data-e-type=\"widget\" data-widget_type=\"button.default\">\n\t\t\t\t\t\t\t\t\t\t<a class=\"elementor-button elementor-button-link elementor-size-sm\" href=\"https:\/\/dev.armandinolopesadvogados.pt\/dev\/agendar-consulta-juridica\/\">\n\t\t\t\t\t\t<span class=\"elementor-button-content-wrapper\">\n\t\t\t\t\t\t<span class=\"elementor-button-icon\">\n\t\t\t\t<svg xmlns=\"http:\/\/www.w3.org\/2000\/svg\" viewBox=\"0 0 40 40\"><path d=\"M20 0C8.954 0 0 8.954 0 20s8.954 20 20 20 20-8.954 20-20S31.046 0 20 0Zm8.65 19.999V20.017a.65.65 0 0 1-.055.246c-.002.002-.001.002-.001.003h-.001v.002a.662.662 0 0 1-.128.187l-.002.001-6.857 7a.646.646 0 0 1-.919.008.65.65 0 0 1-.009-.92l5.775-5.894H12a.65.65 0 0 1 0-1.3h14.453l-5.775-5.895a.65.65 0 0 1 .928-.91l6.857 6.999.002.001c.055.056.097.12.128.187v.002l.002.002.007.016a.65.65 0 0 1 .047.231l.001.014v.002Z\"><\/path><\/svg>\t\t\t<\/span>\n\t\t\t\t\t\t\t\t\t<span class=\"elementor-button-text\">Agendar Consulta<\/span>\n\t\t\t\t\t<\/span>\n\t\t\t\t\t<\/a>\n\t\t\t\t\t\t\t\t<\/div>\n\t\t\t\t<\/div>\n\t\t\t\t<div class=\"elementor-element elementor-element-af150c1 elementor-hidden-tablet elementor-hidden-mobile elementor-widget elementor-widget-image\" data-id=\"af150c1\" data-element_type=\"widget\" data-e-type=\"widget\" data-widget_type=\"image.default\">\n\t\t\t\t\t\t\t\t\t\t\t\t\t\t\t<img decoding=\"async\" src=\"https:\/\/dev.armandinolopesadvogados.pt\/dev\/wp-content\/uploads\/elementor\/thumbs\/160066-3-rkp6ayc9yk3uz9x50xh52n3cygrcruf83awx01t600.jpg\" title=\"160066 (3)\" alt=\"160066 (3)\" loading=\"lazy\" \/>\t\t\t\t\t\t\t\t\t\t\t\t\t\t\t<\/div>\n\t\t\t\t<\/div>\n\t\t\t\t\t<\/div>\n\t\t\t\t<\/div>\n\t\t\t\t<\/div>\n\t\t","protected":false},"excerpt":{"rendered":"<p>A Nossa Equipa Conhe\u00e7a os profissionais que d\u00e3o rosto ao nosso compromisso com o rigor, a proximidade e a excel\u00eancia jur\u00eddica. Assessoria e Comunica\u00e7\u00e3o Cristina Freitas A Cristina integra a Armandino Lopes Advogados como Assistente Jur\u00eddica, sendo frequentemente o primeiro ponto de contacto com os clientes. Com forma\u00e7\u00e3o em Marketing e um percurso profissional s\u00f3lido [&hellip;]<\/p>\n","protected":false},"author":1,"featured_media":0,"parent":1259,"menu_order":0,"comment_status":"closed","ping_status":"closed","template":"","meta":{"_acf_changed":false,"_joinchat":[],"footnotes":""},"class_list":["post-2495","page","type-page","status-publish","hentry"],"blocksy_meta":{"has_hero_section":"disabled","vertical_spacing_source":"custom","content_area_spacing":"none","styles_descriptor":{"styles":{"desktop":"","tablet":"","mobile":""},"google_fonts":[],"version":6}},"acf":[],"yoast_head":"<!-- This site is optimized with the Yoast SEO plugin v27.2 - https:\/\/yoast.com\/product\/yoast-seo-wordpress\/ -->\n<title>Cristina Freitas - Armandino Lopes Advogados<\/title>\n<meta name=\"robots\" content=\"index, follow, max-snippet:-1, max-image-preview:large, max-video-preview:-1\" \/>\n<link rel=\"canonical\" href=\"https:\/\/dev.armandinolopesadvogados.pt\/dev\/sobre-nos\/cristina-freitas-2\/\" \/>\n<meta property=\"og:locale\" content=\"pt_PT\" \/>\n<meta property=\"og:type\" content=\"article\" \/>\n<meta property=\"og:title\" content=\"Cristina Freitas - Armandino Lopes Advogados\" \/>\n<meta property=\"og:description\" content=\"A Nossa Equipa Conhe\u00e7a os profissionais que d\u00e3o rosto ao nosso compromisso com o rigor, a proximidade e a excel\u00eancia jur\u00eddica. Assessoria e Comunica\u00e7\u00e3o Cristina Freitas A Cristina integra a Armandino Lopes Advogados como Assistente Jur\u00eddica, sendo frequentemente o primeiro ponto de contacto com os clientes. Com forma\u00e7\u00e3o em Marketing e um percurso profissional s\u00f3lido [&hellip;]\" \/>\n<meta property=\"og:url\" content=\"https:\/\/dev.armandinolopesadvogados.pt\/dev\/sobre-nos\/cristina-freitas-2\/\" \/>\n<meta property=\"og:site_name\" content=\"Armandino Lopes Advogados\" \/>\n<meta property=\"article:modified_time\" content=\"2026-03-23T15:04:36+00:00\" \/>\n<meta property=\"og:image\" content=\"https:\/\/dev.armandinolopesadvogados.pt\/dev\/wp-content\/uploads\/2026\/03\/Cristina-Freitas-683x1024.png\" \/>\n<meta name=\"twitter:card\" content=\"summary_large_image\" \/>\n<meta name=\"twitter:label1\" content=\"Tempo estimado de leitura\" \/>\n\t<meta name=\"twitter:data1\" content=\"3 minutos\" \/>\n<!-- \/ Yoast SEO plugin. -->","yoast_head_json":{"title":"Cristina Freitas - Armandino Lopes Advogados","robots":{"index":"index","follow":"follow","max-snippet":"max-snippet:-1","max-image-preview":"max-image-preview:large","max-video-preview":"max-video-preview:-1"},"canonical":"https:\/\/dev.armandinolopesadvogados.pt\/dev\/sobre-nos\/cristina-freitas-2\/","og_locale":"pt_PT","og_type":"article","og_title":"Cristina Freitas - Armandino Lopes Advogados","og_description":"A Nossa Equipa Conhe\u00e7a os profissionais que d\u00e3o rosto ao nosso compromisso com o rigor, a proximidade e a excel\u00eancia jur\u00eddica. Assessoria e Comunica\u00e7\u00e3o Cristina Freitas A Cristina integra a Armandino Lopes Advogados como Assistente Jur\u00eddica, sendo frequentemente o primeiro ponto de contacto com os clientes. Com forma\u00e7\u00e3o em Marketing e um percurso profissional s\u00f3lido [&hellip;]","og_url":"https:\/\/dev.armandinolopesadvogados.pt\/dev\/sobre-nos\/cristina-freitas-2\/","og_site_name":"Armandino Lopes Advogados","article_modified_time":"2026-03-23T15:04:36+00:00","og_image":[{"url":"https:\/\/dev.armandinolopesadvogados.pt\/dev\/wp-content\/uploads\/2026\/03\/Cristina-Freitas-683x1024.png","type":"","width":"","height":""}],"twitter_card":"summary_large_image","twitter_misc":{"Tempo estimado de leitura":"3 minutos"},"schema":{"@context":"https:\/\/schema.org","@graph":[{"@type":"WebPage","@id":"https:\/\/dev.armandinolopesadvogados.pt\/dev\/sobre-nos\/cristina-freitas-2\/","url":"https:\/\/dev.armandinolopesadvogados.pt\/dev\/sobre-nos\/cristina-freitas-2\/","name":"Cristina Freitas - Armandino Lopes Advogados","isPartOf":{"@id":"https:\/\/dev.armandinolopesadvogados.pt\/dev\/#website"},"primaryImageOfPage":{"@id":"https:\/\/dev.armandinolopesadvogados.pt\/dev\/sobre-nos\/cristina-freitas-2\/#primaryimage"},"image":{"@id":"https:\/\/dev.armandinolopesadvogados.pt\/dev\/sobre-nos\/cristina-freitas-2\/#primaryimage"},"thumbnailUrl":"https:\/\/dev.armandinolopesadvogados.pt\/dev\/wp-content\/uploads\/2026\/03\/Cristina-Freitas-683x1024.png","datePublished":"2026-03-23T15:02:00+00:00","dateModified":"2026-03-23T15:04:36+00:00","breadcrumb":{"@id":"https:\/\/dev.armandinolopesadvogados.pt\/dev\/sobre-nos\/cristina-freitas-2\/#breadcrumb"},"inLanguage":"pt-PT","potentialAction":[{"@type":"ReadAction","target":["https:\/\/dev.armandinolopesadvogados.pt\/dev\/sobre-nos\/cristina-freitas-2\/"]}]},{"@type":"ImageObject","inLanguage":"pt-PT","@id":"https:\/\/dev.armandinolopesadvogados.pt\/dev\/sobre-nos\/cristina-freitas-2\/#primaryimage","url":"https:\/\/dev.armandinolopesadvogados.pt\/dev\/wp-content\/uploads\/2026\/03\/Cristina-Freitas.png","contentUrl":"https:\/\/dev.armandinolopesadvogados.pt\/dev\/wp-content\/uploads\/2026\/03\/Cristina-Freitas.png","width":1024,"height":1536,"caption":"Cristina Freitas"},{"@type":"BreadcrumbList","@id":"https:\/\/dev.armandinolopesadvogados.pt\/dev\/sobre-nos\/cristina-freitas-2\/#breadcrumb","itemListElement":[{"@type":"ListItem","position":1,"name":"In\u00edcio","item":"https:\/\/dev.armandinolopesadvogados.pt\/dev\/"},{"@type":"ListItem","position":2,"name":"Sobre N\u00f3s","item":"https:\/\/dev.armandinolopesadvogados.pt\/dev\/sobre-nos\/"},{"@type":"ListItem","position":3,"name":"Cristina Freitas"}]},{"@type":"WebSite","@id":"https:\/\/dev.armandinolopesadvogados.pt\/dev\/#website","url":"https:\/\/dev.armandinolopesadvogados.pt\/dev\/","name":"Armandino Lopes Advogados","description":"Trinta ano a fazer Direito","publisher":{"@id":"https:\/\/dev.armandinolopesadvogados.pt\/dev\/#organization"},"potentialAction":[{"@type":"SearchAction","target":{"@type":"EntryPoint","urlTemplate":"https:\/\/dev.armandinolopesadvogados.pt\/dev\/?s={search_term_string}"},"query-input":{"@type":"PropertyValueSpecification","valueRequired":true,"valueName":"search_term_string"}}],"inLanguage":"pt-PT"},{"@type":"Organization","@id":"https:\/\/dev.armandinolopesadvogados.pt\/dev\/#organization","name":"Armandino Lopes Advogados","url":"https:\/\/dev.armandinolopesadvogados.pt\/dev\/","logo":{"@type":"ImageObject","inLanguage":"pt-PT","@id":"https:\/\/dev.armandinolopesadvogados.pt\/dev\/#\/schema\/logo\/image\/","url":"https:\/\/dev.armandinolopesadvogados.pt\/dev\/wp-content\/uploads\/2026\/03\/armandino-lopes-logotipo.png","contentUrl":"https:\/\/dev.armandinolopesadvogados.pt\/dev\/wp-content\/uploads\/2026\/03\/armandino-lopes-logotipo.png","width":1786,"height":475,"caption":"Armandino Lopes Advogados"},"image":{"@id":"https:\/\/dev.armandinolopesadvogados.pt\/dev\/#\/schema\/logo\/image\/"}}]}},"_links":{"self":[{"href":"https:\/\/dev.armandinolopesadvogados.pt\/dev\/wp-json\/wp\/v2\/pages\/2495","targetHints":{"allow":["GET"]}}],"collection":[{"href":"https:\/\/dev.armandinolopesadvogados.pt\/dev\/wp-json\/wp\/v2\/pages"}],"about":[{"href":"https:\/\/dev.armandinolopesadvogados.pt\/dev\/wp-json\/wp\/v2\/types\/page"}],"author":[{"embeddable":true,"href":"https:\/\/dev.armandinolopesadvogados.pt\/dev\/wp-json\/wp\/v2\/users\/1"}],"replies":[{"embeddable":true,"href":"https:\/\/dev.armandinolopesadvogados.pt\/dev\/wp-json\/wp\/v2\/comments?post=2495"}],"version-history":[{"count":7,"href":"https:\/\/dev.armandinolopesadvogados.pt\/dev\/wp-json\/wp\/v2\/pages\/2495\/revisions"}],"predecessor-version":[{"id":2502,"href":"https:\/\/dev.armandinolopesadvogados.pt\/dev\/wp-json\/wp\/v2\/pages\/2495\/revisions\/2502"}],"up":[{"embeddable":true,"href":"https:\/\/dev.armandinolopesadvogados.pt\/dev\/wp-json\/wp\/v2\/pages\/1259"}],"wp:attachment":[{"href":"https:\/\/dev.armandinolopesadvogados.pt\/dev\/wp-json\/wp\/v2\/media?parent=2495"}],"curies":[{"name":"wp","href":"https:\/\/api.w.org\/{rel}","templated":true}]}}