{"id":2582,"date":"2026-03-25T17:12:26","date_gmt":"2026-03-25T17:12:26","guid":{"rendered":"https:\/\/dev.armandinolopesadvogados.pt\/dev\/?page_id=2582"},"modified":"2026-03-25T17:19:29","modified_gmt":"2026-03-25T17:19:29","slug":"recrutamento","status":"publish","type":"page","link":"https:\/\/dev.armandinolopesadvogados.pt\/dev\/recrutamento\/","title":{"rendered":"Recrutamento"},"content":{"rendered":"\t\t<div data-elementor-type=\"wp-page\" data-elementor-id=\"2582\" class=\"elementor elementor-2582\">\n\t\t\t\t<div class=\"elementor-element elementor-element-8abe04e e-flex e-con-boxed e-con e-parent\" data-id=\"8abe04e\" data-element_type=\"container\" data-e-type=\"container\" data-settings=\"{&quot;background_background&quot;:&quot;classic&quot;}\">\n\t\t\t\t\t<div class=\"e-con-inner\">\n\t\t<div class=\"elementor-element elementor-element-067c4b4 e-con-full e-flex e-con e-child\" data-id=\"067c4b4\" data-element_type=\"container\" data-e-type=\"container\">\n\t\t<div class=\"elementor-element elementor-element-f734568 e-con-full e-flex e-con e-child\" data-id=\"f734568\" data-element_type=\"container\" data-e-type=\"container\">\n\t\t\t\t<div class=\"elementor-element elementor-element-368df6e elementor-widget elementor-widget-heading\" data-id=\"368df6e\" data-element_type=\"widget\" data-e-type=\"widget\" data-widget_type=\"heading.default\">\n\t\t\t\t\t<h2 class=\"elementor-heading-title elementor-size-default\">Recrutamento<\/h2>\t\t\t\t<\/div>\n\t\t\t\t<div class=\"elementor-element elementor-element-7b76504 elementor-widget elementor-widget-text-editor\" data-id=\"7b76504\" data-element_type=\"widget\" data-e-type=\"widget\" data-widget_type=\"text-editor.default\">\n\t\t\t\t\t\t\t\t\t<p>Procuramos profissionais com compet\u00eancia, sentido de responsabilidade e vontade de integrar uma estrutura jur\u00eddica orientada pelo rigor, pela proximidade e pela qualidade do acompanhamento prestado a cada cliente.<\/p>\t\t\t\t\t\t\t\t<\/div>\n\t\t\t\t<\/div>\n\t\t\t\t<\/div>\n\t\t\t\t\t<\/div>\n\t\t\t\t<\/div>\n\t\t<div class=\"elementor-element elementor-element-b7d1352 e-flex e-con-boxed e-con e-parent\" data-id=\"b7d1352\" data-element_type=\"container\" data-e-type=\"container\">\n\t\t\t\t\t<div class=\"e-con-inner\">\n\t\t<div class=\"elementor-element elementor-element-770d412 e-con-full e-flex e-con e-child\" data-id=\"770d412\" data-element_type=\"container\" data-e-type=\"container\">\n\t\t\t\t<div class=\"elementor-element elementor-element-f8a5b37 elementor-widget elementor-widget-text-editor\" data-id=\"f8a5b37\" data-element_type=\"widget\" data-e-type=\"widget\" data-widget_type=\"text-editor.default\">\n\t\t\t\t\t\t\t\t\t<p>Recrutamento<\/p>\t\t\t\t\t\t\t\t<\/div>\n\t\t\t\t<div class=\"elementor-element elementor-element-d2f647b elementor-widget elementor-widget-heading\" data-id=\"d2f647b\" data-element_type=\"widget\" data-e-type=\"widget\" data-widget_type=\"heading.default\">\n\t\t\t\t\t<h2 class=\"elementor-heading-title elementor-size-default\">Junte-se \u00e0 Armandino Lopes Advogados<\/h2>\t\t\t\t<\/div>\n\t\t\t\t<div class=\"elementor-element elementor-element-f1cff23 elementor-widget elementor-widget-text-editor\" data-id=\"f1cff23\" data-element_type=\"widget\" data-e-type=\"widget\" data-widget_type=\"text-editor.default\">\n\t\t\t\t\t\t\t\t\t<p>Na Armandino Lopes Advogados acreditamos que a solidez de um escrit\u00f3rio constr\u00f3i-se com pessoas. Pessoas com conhecimento, \u00e9tica, capacidade de trabalho e compromisso com a excel\u00eancia.<\/p><p>Ao longo do nosso percurso, temos vindo a afirmar uma pr\u00e1tica jur\u00eddica assente na seriedade, na dedica\u00e7\u00e3o e numa rela\u00e7\u00e3o de confian\u00e7a com quem nos procura. \u00c9 esta vis\u00e3o que orienta tamb\u00e9m a forma como olhamos para o talento e para o crescimento da nossa equipa.<\/p>\t\t\t\t\t\t\t\t<\/div>\n\t\t\t\t<div class=\"elementor-element elementor-element-2d1060f elementor-widget elementor-widget-spacer\" data-id=\"2d1060f\" data-element_type=\"widget\" data-e-type=\"widget\" data-widget_type=\"spacer.default\">\n\t\t\t\t\t\t\t<div class=\"elementor-spacer\">\n\t\t\t<div class=\"elementor-spacer-inner\"><\/div>\n\t\t<\/div>\n\t\t\t\t\t\t<\/div>\n\t\t\t\t<div class=\"elementor-element elementor-element-14e64a2 elementor-widget elementor-widget-heading\" data-id=\"14e64a2\" data-element_type=\"widget\" data-e-type=\"widget\" data-widget_type=\"heading.default\">\n\t\t\t\t\t<h2 class=\"elementor-heading-title elementor-size-default\">Candidatura espont\u00e2nea<\/h2>\t\t\t\t<\/div>\n\t\t\t\t<div class=\"elementor-element elementor-element-696fff8 elementor-widget elementor-widget-text-editor\" data-id=\"696fff8\" data-element_type=\"widget\" data-e-type=\"widget\" data-widget_type=\"text-editor.default\">\n\t\t\t\t\t\t\t\t\t<p>Mesmo quando n\u00e3o existam vagas publicadas, estamos dispon\u00edveis para analisar candidaturas espont\u00e2neas de profissionais que considerem poder fazer a diferen\u00e7a no nosso projeto. Se acredita que o seu perfil, experi\u00eancia e motiva\u00e7\u00e3o se enquadram na realidade da Armandino Lopes Advogados, teremos gosto em conhecer o seu percurso.<\/p>\t\t\t\t\t\t\t\t<\/div>\n\t\t\t\t<\/div>\n\t\t<div class=\"elementor-element elementor-element-5918f7a e-con-full e-flex e-con e-child\" data-id=\"5918f7a\" data-element_type=\"container\" data-e-type=\"container\">\n\t\t\t\t<div class=\"elementor-element elementor-element-835146c elementor-widget elementor-widget-image\" data-id=\"835146c\" data-element_type=\"widget\" data-e-type=\"widget\" data-widget_type=\"image.default\">\n\t\t\t\t\t\t\t\t\t\t\t\t\t\t\t<img decoding=\"async\" src=\"https:\/\/dev.armandinolopesadvogados.pt\/dev\/wp-content\/uploads\/elementor\/thumbs\/2149211299-rkp5e03zlhu4z5ysutmidcs1h2qdf8r8kgotl4q5a8.jpg\" title=\"2149211299\" alt=\"2149211299\" loading=\"lazy\" \/>\t\t\t\t\t\t\t\t\t\t\t\t\t\t\t<\/div>\n\t\t\t\t<\/div>\n\t\t\t\t\t<\/div>\n\t\t\t\t<\/div>\n\t\t<div class=\"elementor-element elementor-element-e659e6d e-flex e-con-boxed e-con e-parent\" data-id=\"e659e6d\" data-element_type=\"container\" data-e-type=\"container\" data-settings=\"{&quot;background_background&quot;:&quot;classic&quot;}\">\n\t\t\t\t\t<div class=\"e-con-inner\">\n\t\t<div class=\"elementor-element elementor-element-d3f2547 e-con-full e-flex e-con e-child\" data-id=\"d3f2547\" data-element_type=\"container\" data-e-type=\"container\">\n\t\t<div class=\"elementor-element elementor-element-d3088ef e-con-full e-flex e-con e-child\" data-id=\"d3088ef\" data-element_type=\"container\" data-e-type=\"container\">\n\t\t<div class=\"elementor-element elementor-element-b8cbcf8 e-con-full e-flex e-con e-child\" data-id=\"b8cbcf8\" data-element_type=\"container\" data-e-type=\"container\" data-settings=\"{&quot;background_background&quot;:&quot;classic&quot;}\">\n\t\t\t\t<div class=\"elementor-element elementor-element-74676b2 elementor-widget elementor-widget-heading\" data-id=\"74676b2\" data-element_type=\"widget\" data-e-type=\"widget\" data-widget_type=\"heading.default\">\n\t\t\t\t\t<h3 class=\"elementor-heading-title elementor-size-default\">Envie a sua candidatura<\/h3>\t\t\t\t<\/div>\n\t\t\t\t<div class=\"elementor-element elementor-element-93340ea elementor-widget elementor-widget-heading\" data-id=\"93340ea\" data-element_type=\"widget\" data-e-type=\"widget\" data-widget_type=\"heading.default\">\n\t\t\t\t\t<h3 class=\"elementor-heading-title elementor-size-default\">Junte-se \u00e0 Nossa Equipa<\/h3>\t\t\t\t<\/div>\n\t\t\t\t<div class=\"elementor-element elementor-element-17b0264 elementor-widget elementor-widget-text-editor\" data-id=\"17b0264\" data-element_type=\"widget\" data-e-type=\"widget\" data-widget_type=\"text-editor.default\">\n\t\t\t\t\t\t\t\t\t<p>Pode submeter a sua candidatura atrav\u00e9s do formul\u00e1rio dispon\u00edvel nesta p\u00e1gina ou por envio direto do seu curr\u00edculo e apresenta\u00e7\u00e3o.<\/p><p>Todas as candidaturas ser\u00e3o analisadas com confidencialidade e aten\u00e7\u00e3o.<\/p>\t\t\t\t\t\t\t\t<\/div>\n\t\t\t\t<\/div>\n\t\t<div class=\"elementor-element elementor-element-bfd2fc6 e-con-full e-flex e-con e-child\" data-id=\"bfd2fc6\" data-element_type=\"container\" data-e-type=\"container\" data-settings=\"{&quot;background_background&quot;:&quot;classic&quot;}\">\n\t\t<div class=\"elementor-element elementor-element-4925944 e-con-full e-flex e-con e-child\" data-id=\"4925944\" data-element_type=\"container\" data-e-type=\"container\">\n\t\t\t\t<div class=\"elementor-element elementor-element-b2b36a5 elementor-view-default elementor-widget elementor-widget-icon\" data-id=\"b2b36a5\" data-element_type=\"widget\" data-e-type=\"widget\" data-widget_type=\"icon.default\">\n\t\t\t\t\t\t\t<div class=\"elementor-icon-wrapper\">\n\t\t\t<div class=\"elementor-icon\">\n\t\t\t<svg xmlns=\"http:\/\/www.w3.org\/2000\/svg\" viewBox=\"0 0 24 24\"><path d=\"M12 .175c-6.617 0-12 5.383-12 12s5.383 12 12 12c2.468 0 4.84-.744 6.858-2.152a1.054 1.054 0 0 0-1.205-1.729A9.834 9.834 0 0 1 12 22.067c-5.454 0-9.892-4.437-9.892-9.892 0-5.455 4.438-9.892 9.892-9.892 5.455 0 9.892 4.437 9.892 9.892v1.564c0 .396-.111.78-.324 1.112a2.065 2.065 0 0 1-1.75.961 2.076 2.076 0 0 1-2.073-2.073v-1.564c0-3.168-2.577-5.745-5.745-5.745s-5.745 2.577-5.745 5.745S8.832 17.92 12 17.92a5.73 5.73 0 0 0 4.294-1.933 4.183 4.183 0 0 0 7.052-.003c.428-.67.654-1.447.654-2.245v-1.564c0-6.617-5.383-12-12-12Zm0 15.637c-2.006 0-3.637-1.632-3.637-3.637S9.994 8.538 12 8.538c2.005 0 3.637 1.631 3.637 3.637S14.005 15.812 12 15.812Z\"><\/path><\/svg>\t\t\t<\/div>\n\t\t<\/div>\n\t\t\t\t\t\t<\/div>\n\t\t\t\t<\/div>\n\t\t\t\t<div class=\"elementor-element elementor-element-ac6efa8 elementor-widget elementor-widget-heading\" data-id=\"ac6efa8\" data-element_type=\"widget\" data-e-type=\"widget\" data-widget_type=\"heading.default\">\n\t\t\t\t\t<h3 class=\"elementor-heading-title elementor-size-default\">Email<\/h3>\t\t\t\t<\/div>\n\t\t\t\t<div class=\"elementor-element elementor-element-09056b5 elementor-widget elementor-widget-text-editor\" data-id=\"09056b5\" data-element_type=\"widget\" data-e-type=\"widget\" data-widget_type=\"text-editor.default\">\n\t\t\t\t\t\t\t\t\t<p>Pode enviar a sua candidatura por email, anexando o seu curr\u00edculo e uma breve apresenta\u00e7\u00e3o. Todas as candidaturas ser\u00e3o tratadas com confidencialidade.<\/p>\t\t\t\t\t\t\t\t<\/div>\n\t\t\t\t<div class=\"elementor-element elementor-element-eda4b4e elementor-widget elementor-widget-text-editor\" data-id=\"eda4b4e\" data-element_type=\"widget\" data-e-type=\"widget\" data-widget_type=\"text-editor.default\">\n\t\t\t\t\t\t\t\t\t<p>geral@armandinolopesadvogados.pt<\/p>\t\t\t\t\t\t\t\t<\/div>\n\t\t\t\t<\/div>\n\t\t\t\t<\/div>\n\t\t<div class=\"elementor-element elementor-element-2c47eaa e-con-full ct-web-studio-form e-flex e-con e-child\" data-id=\"2c47eaa\" data-element_type=\"container\" data-e-type=\"container\" data-settings=\"{&quot;background_background&quot;:&quot;classic&quot;}\">\n\t\t\t\t<div class=\"elementor-element elementor-element-1304ddf fluentform-widget-submit-button-custom elementor-widget elementor-widget-fluent-form-widget\" data-id=\"1304ddf\" data-element_type=\"widget\" data-e-type=\"widget\" data-widget_type=\"fluent-form-widget.default\">\n\t\t\t\t<div class=\"elementor-widget-container\">\n\t\t\t\t\t\n            <div class=\"fluentform-widget-wrapper fluentform-widget-custom-radio-checkbox fluentform-widget-align-default\">\n\n            \n            <div class='fluentform ff-default fluentform_wrapper_3 ffs_default_wrap'><form data-form_id=\"3\" id=\"fluentform_3\" class=\"frm-fluent-form fluent_form_3 ff-el-form-top ff_form_instance_3_1 ff-form-loading ffs_default\" data-form_instance=\"ff_form_instance_3_1\" method=\"POST\" ><fieldset  style=\"border: none!important;margin: 0!important;padding: 0!important;background-color: transparent!important;box-shadow: none!important;outline: none!important; min-inline-size: 100%;\">\n                    <legend class=\"ff_screen_reader_title\" style=\"display: block; margin: 0!important;padding: 0!important;height: 0!important;text-indent: -999999px;width: 0!important;overflow:hidden;\">Candidaturas<\/legend><input type='hidden' name='__fluent_form_embded_post_id' value='2582' \/><input type=\"hidden\" id=\"_fluentform_3_fluentformnonce\" name=\"_fluentform_3_fluentformnonce\" value=\"5fe66cf14e\" \/><input type=\"hidden\" name=\"_wp_http_referer\" value=\"\/dev\/wp-json\/wp\/v2\/pages\/2582\" \/><div data-type=\"name-element\" data-name=\"names\" class=\" ff-field_container ff-name-field-wrapper\" ><div class='ff-t-container'><div class='ff-t-cell '><div class='ff-el-group ff-el-form-top'><div class=\"ff-el-input--label ff-el-is-required asterisk-right\"><label for='ff_3_names_first_name_' id='label_ff_3_names_first_name_' >Nome<\/label><\/div><div class='ff-el-input--content'><input type=\"text\" name=\"names[first_name]\" id=\"ff_3_names_first_name_\" class=\"ff-el-form-control\" aria-invalid=\"false\" aria-required=true><\/div><\/div><\/div><\/div><\/div><div class='ff-el-group'><div class=\"ff-el-input--label ff-el-is-required asterisk-right\"><label for='ff_3_email' id='label_ff_3_email' aria-label=\"Email\">Email<\/label><\/div><div class='ff-el-input--content'><input type=\"email\" name=\"email\" id=\"ff_3_email\" class=\"ff-el-form-control\" data-name=\"email\"  aria-invalid=\"false\" aria-required=true><\/div><\/div><div class='ff-el-group'><div class=\"ff-el-input--label asterisk-right\"><label for='ff_3_numeric_field' id='label_ff_3_numeric_field' aria-label=\"Telefone\">Telefone<\/label><\/div><div class='ff-el-input--content'><input type=\"number\" name=\"numeric_field\" id=\"ff_3_numeric_field\" class=\"ff-el-form-control\" data-name=\"numeric_field\" inputmode=\"numeric\" step=\"any\"  aria-invalid=\"false\" aria-required=false><\/div><\/div><div class='ff-el-group'><div class=\"ff-el-input--label asterisk-right\"><label for='ff_3_description' id='label_ff_3_description' aria-label=\"Mensagem\">Mensagem<\/label><\/div><div class='ff-el-input--content'><textarea aria-required=\"false\" aria-labelledby=\"label_ff_3_description\" name=\"description\" id=\"ff_3_description\" class=\"ff-el-form-control\" rows=\"3\" cols=\"2\" data-name=\"description\" ><\/textarea><\/div><\/div><div class='ff-el-group    ff-el-input--content'><div class='ff-el-form-check ff-el-tc'><label aria-label='Li e aceito os Termos e Condi\u00e7\u00f5es e Pol\u00edtica de Privacidade.' class='ff-el-form-check-label ff_tc_label' for=terms-n-condition_200bf9da9fd183d987b08895be7f540d><span class='ff_tc_checkbox'><input type=\"checkbox\" name=\"terms-n-condition\" class=\"ff-el-form-check-input\" data-name=\"terms-n-condition\" id=\"terms-n-condition_200bf9da9fd183d987b08895be7f540d\"  value='on' aria-invalid='false' aria-required=true><\/span> <div class='ff_t_c'><p>Li e aceito os Termos e Condi\u00e7\u00f5es e Pol\u00edtica de Privacidade.<\/p><\/div><\/label><\/div><\/div><div class='ff-el-group ff-text-left ff_submit_btn_wrapper'><button type=\"submit\" class=\"ff-btn ff-btn-submit ff-btn-md ff_btn_style\"  aria-label=\"Submeter Candidatura\">Submeter Candidatura<\/button><\/div><\/fieldset><\/form><div id='fluentform_3_errors' class='ff-errors-in-stack ff_form_instance_3_1 ff-form-loading_errors ff_form_instance_3_1_errors'><\/div><\/div>            <script type=\"text\/javascript\">\n                window.fluent_form_ff_form_instance_3_1 = {\"id\":\"3\",\"settings\":{\"layout\":{\"labelPlacement\":\"top\",\"asteriskPlacement\":\"asterisk-right\",\"helpMessagePlacement\":\"with_label\",\"errorMessagePlacement\":\"inline\",\"cssClassName\":\"\"},\"restrictions\":{\"denyEmptySubmission\":{\"enabled\":false}}},\"form_instance\":\"ff_form_instance_3_1\",\"form_id_selector\":\"fluentform_3\",\"rules\":{\"names[first_name]\":{\"required\":{\"value\":true,\"message\":\"Este campo \\u00e9 obrigat\\u00f3rio\",\"global_message\":\"This field is required\",\"global\":true}},\"names[middle_name]\":{\"required\":{\"value\":false,\"message\":\"Este campo \\u00e9 obrigat\\u00f3rio\",\"global_message\":\"This field is required\",\"global\":true}},\"names[last_name]\":{\"required\":{\"value\":false,\"message\":\"Este campo \\u00e9 obrigat\\u00f3rio\",\"global_message\":\"This field is required\",\"global\":true}},\"email\":{\"required\":{\"value\":true,\"message\":\"Este campo \\u00e9 obrigat\\u00f3rio\",\"global_message\":\"This field is required\",\"global\":true},\"email\":{\"value\":true,\"message\":\"Este campo deve conter um endere\\u00e7o de e-mail v\\u00e1lido\",\"global_message\":\"This field must contain a valid email\",\"global\":true}},\"numeric_field\":{\"required\":{\"value\":false,\"message\":\"Este campo \\u00e9 obrigat\\u00f3rio\",\"global_message\":\"This field is required\",\"global\":true},\"numeric\":{\"value\":true,\"message\":\"Este campo deve conter um valor num\\u00e9rico\",\"global_message\":\"This field must contain numeric value\",\"global\":true},\"min\":{\"value\":\"\",\"message\":\"A valida\\u00e7\\u00e3o falhou devido ao valor m\\u00ednimo\",\"global_message\":\"Validation fails for minimum value\",\"global\":true},\"max\":{\"value\":\"\",\"message\":\"A valida\\u00e7\\u00e3o falha devido ao valor m\\u00e1ximo\",\"global_message\":\"Validation fails for maximum value\",\"global\":true},\"digits\":{\"value\":\"\",\"message\":\"A valida\\u00e7\\u00e3o falha devido ao n\\u00famero limitado de d\\u00edgitos\",\"global_message\":\"Validation fails for limited digits\",\"global\":true}},\"description\":{\"required\":{\"value\":false,\"message\":\"Este campo \\u00e9 obrigat\\u00f3rio\",\"global_message\":\"This field is required\",\"global\":true}},\"terms-n-condition\":{\"required\":{\"value\":true,\"message\":\"Este campo \\u00e9 obrigat\\u00f3rio\",\"global_message\":\"This field is required\",\"global\":true}}},\"debounce_time\":300};\n                            <\/script>\n                        <\/div>\n\n            \t\t\t\t<\/div>\n\t\t\t\t<\/div>\n\t\t\t\t<\/div>\n\t\t\t\t<\/div>\n\t\t\t\t\t<\/div>\n\t\t\t\t<\/div>\n\t\t\t\t<\/div>\n\t\t","protected":false},"excerpt":{"rendered":"<p>Recrutamento Procuramos profissionais com compet\u00eancia, sentido de responsabilidade e vontade de integrar uma estrutura jur\u00eddica orientada pelo rigor, pela proximidade e pela qualidade do acompanhamento prestado a cada cliente. Recrutamento Junte-se \u00e0 Armandino Lopes Advogados Na Armandino Lopes Advogados acreditamos que a solidez de um escrit\u00f3rio constr\u00f3i-se com pessoas. Pessoas com conhecimento, \u00e9tica, capacidade de [&hellip;]<\/p>\n","protected":false},"author":1,"featured_media":0,"parent":0,"menu_order":0,"comment_status":"closed","ping_status":"closed","template":"","meta":{"_acf_changed":false,"_joinchat":[],"footnotes":""},"class_list":["post-2582","page","type-page","status-publish","hentry"],"blocksy_meta":{"has_hero_section":"disabled","vertical_spacing_source":"custom","content_area_spacing":"none","styles_descriptor":{"styles":{"desktop":"","tablet":"","mobile":""},"google_fonts":[],"version":6}},"acf":[],"yoast_head":"<!-- This site is optimized with the Yoast SEO plugin v27.2 - https:\/\/yoast.com\/product\/yoast-seo-wordpress\/ -->\n<title>Recrutamento - Armandino Lopes Advogados<\/title>\n<meta name=\"robots\" content=\"index, follow, max-snippet:-1, max-image-preview:large, max-video-preview:-1\" \/>\n<link rel=\"canonical\" href=\"https:\/\/dev.armandinolopesadvogados.pt\/dev\/recrutamento\/\" \/>\n<meta property=\"og:locale\" content=\"pt_PT\" \/>\n<meta property=\"og:type\" content=\"article\" \/>\n<meta property=\"og:title\" content=\"Recrutamento - Armandino Lopes Advogados\" \/>\n<meta property=\"og:description\" content=\"Recrutamento Procuramos profissionais com compet\u00eancia, sentido de responsabilidade e vontade de integrar uma estrutura jur\u00eddica orientada pelo rigor, pela proximidade e pela qualidade do acompanhamento prestado a cada cliente. Recrutamento Junte-se \u00e0 Armandino Lopes Advogados Na Armandino Lopes Advogados acreditamos que a solidez de um escrit\u00f3rio constr\u00f3i-se com pessoas. Pessoas com conhecimento, \u00e9tica, capacidade de [&hellip;]\" \/>\n<meta property=\"og:url\" content=\"https:\/\/dev.armandinolopesadvogados.pt\/dev\/recrutamento\/\" \/>\n<meta property=\"og:site_name\" content=\"Armandino Lopes Advogados\" \/>\n<meta property=\"article:modified_time\" content=\"2026-03-25T17:19:29+00:00\" \/>\n<meta property=\"og:image\" content=\"https:\/\/dev.armandinolopesadvogados.pt\/dev\/wp-content\/uploads\/elementor\/thumbs\/2149211299-rkp5e03zlhu4z5ysutmidcs1h2qdf8r8kgotl4q48q.jpg\" \/>\n<meta name=\"twitter:card\" content=\"summary_large_image\" \/>\n<meta name=\"twitter:label1\" content=\"Tempo estimado de leitura\" \/>\n\t<meta name=\"twitter:data1\" content=\"1 minuto\" \/>\n<!-- \/ Yoast SEO plugin. -->","yoast_head_json":{"title":"Recrutamento - Armandino Lopes Advogados","robots":{"index":"index","follow":"follow","max-snippet":"max-snippet:-1","max-image-preview":"max-image-preview:large","max-video-preview":"max-video-preview:-1"},"canonical":"https:\/\/dev.armandinolopesadvogados.pt\/dev\/recrutamento\/","og_locale":"pt_PT","og_type":"article","og_title":"Recrutamento - Armandino Lopes Advogados","og_description":"Recrutamento Procuramos profissionais com compet\u00eancia, sentido de responsabilidade e vontade de integrar uma estrutura jur\u00eddica orientada pelo rigor, pela proximidade e pela qualidade do acompanhamento prestado a cada cliente. Recrutamento Junte-se \u00e0 Armandino Lopes Advogados Na Armandino Lopes Advogados acreditamos que a solidez de um escrit\u00f3rio constr\u00f3i-se com pessoas. Pessoas com conhecimento, \u00e9tica, capacidade de [&hellip;]","og_url":"https:\/\/dev.armandinolopesadvogados.pt\/dev\/recrutamento\/","og_site_name":"Armandino Lopes Advogados","article_modified_time":"2026-03-25T17:19:29+00:00","og_image":[{"url":"https:\/\/dev.armandinolopesadvogados.pt\/dev\/wp-content\/uploads\/elementor\/thumbs\/2149211299-rkp5e03zlhu4z5ysutmidcs1h2qdf8r8kgotl4q48q.jpg","type":"","width":"","height":""}],"twitter_card":"summary_large_image","twitter_misc":{"Tempo estimado de leitura":"1 minuto"},"schema":{"@context":"https:\/\/schema.org","@graph":[{"@type":"WebPage","@id":"https:\/\/dev.armandinolopesadvogados.pt\/dev\/recrutamento\/","url":"https:\/\/dev.armandinolopesadvogados.pt\/dev\/recrutamento\/","name":"Recrutamento - Armandino Lopes Advogados","isPartOf":{"@id":"https:\/\/dev.armandinolopesadvogados.pt\/dev\/#website"},"primaryImageOfPage":{"@id":"https:\/\/dev.armandinolopesadvogados.pt\/dev\/recrutamento\/#primaryimage"},"image":{"@id":"https:\/\/dev.armandinolopesadvogados.pt\/dev\/recrutamento\/#primaryimage"},"thumbnailUrl":"https:\/\/dev.armandinolopesadvogados.pt\/dev\/wp-content\/uploads\/elementor\/thumbs\/2149211299-rkp5e03zlhu4z5ysutmidcs1h2qdf8r8kgotl4q48q.jpg","datePublished":"2026-03-25T17:12:26+00:00","dateModified":"2026-03-25T17:19:29+00:00","breadcrumb":{"@id":"https:\/\/dev.armandinolopesadvogados.pt\/dev\/recrutamento\/#breadcrumb"},"inLanguage":"pt-PT","potentialAction":[{"@type":"ReadAction","target":["https:\/\/dev.armandinolopesadvogados.pt\/dev\/recrutamento\/"]}]},{"@type":"ImageObject","inLanguage":"pt-PT","@id":"https:\/\/dev.armandinolopesadvogados.pt\/dev\/recrutamento\/#primaryimage","url":"https:\/\/dev.armandinolopesadvogados.pt\/dev\/wp-content\/uploads\/elementor\/thumbs\/2149211299-rkp5e03zlhu4z5ysutmidcs1h2qdf8r8kgotl4q48q.jpg","contentUrl":"https:\/\/dev.armandinolopesadvogados.pt\/dev\/wp-content\/uploads\/elementor\/thumbs\/2149211299-rkp5e03zlhu4z5ysutmidcs1h2qdf8r8kgotl4q48q.jpg"},{"@type":"BreadcrumbList","@id":"https:\/\/dev.armandinolopesadvogados.pt\/dev\/recrutamento\/#breadcrumb","itemListElement":[{"@type":"ListItem","position":1,"name":"In\u00edcio","item":"https:\/\/dev.armandinolopesadvogados.pt\/dev\/"},{"@type":"ListItem","position":2,"name":"Recrutamento"}]},{"@type":"WebSite","@id":"https:\/\/dev.armandinolopesadvogados.pt\/dev\/#website","url":"https:\/\/dev.armandinolopesadvogados.pt\/dev\/","name":"Armandino Lopes Advogados","description":"Trinta ano a fazer Direito","publisher":{"@id":"https:\/\/dev.armandinolopesadvogados.pt\/dev\/#organization"},"potentialAction":[{"@type":"SearchAction","target":{"@type":"EntryPoint","urlTemplate":"https:\/\/dev.armandinolopesadvogados.pt\/dev\/?s={search_term_string}"},"query-input":{"@type":"PropertyValueSpecification","valueRequired":true,"valueName":"search_term_string"}}],"inLanguage":"pt-PT"},{"@type":"Organization","@id":"https:\/\/dev.armandinolopesadvogados.pt\/dev\/#organization","name":"Armandino Lopes Advogados","url":"https:\/\/dev.armandinolopesadvogados.pt\/dev\/","logo":{"@type":"ImageObject","inLanguage":"pt-PT","@id":"https:\/\/dev.armandinolopesadvogados.pt\/dev\/#\/schema\/logo\/image\/","url":"https:\/\/dev.armandinolopesadvogados.pt\/dev\/wp-content\/uploads\/2026\/03\/armandino-lopes-logotipo.png","contentUrl":"https:\/\/dev.armandinolopesadvogados.pt\/dev\/wp-content\/uploads\/2026\/03\/armandino-lopes-logotipo.png","width":1786,"height":475,"caption":"Armandino Lopes Advogados"},"image":{"@id":"https:\/\/dev.armandinolopesadvogados.pt\/dev\/#\/schema\/logo\/image\/"}}]}},"_links":{"self":[{"href":"https:\/\/dev.armandinolopesadvogados.pt\/dev\/wp-json\/wp\/v2\/pages\/2582","targetHints":{"allow":["GET"]}}],"collection":[{"href":"https:\/\/dev.armandinolopesadvogados.pt\/dev\/wp-json\/wp\/v2\/pages"}],"about":[{"href":"https:\/\/dev.armandinolopesadvogados.pt\/dev\/wp-json\/wp\/v2\/types\/page"}],"author":[{"embeddable":true,"href":"https:\/\/dev.armandinolopesadvogados.pt\/dev\/wp-json\/wp\/v2\/users\/1"}],"replies":[{"embeddable":true,"href":"https:\/\/dev.armandinolopesadvogados.pt\/dev\/wp-json\/wp\/v2\/comments?post=2582"}],"version-history":[{"count":7,"href":"https:\/\/dev.armandinolopesadvogados.pt\/dev\/wp-json\/wp\/v2\/pages\/2582\/revisions"}],"predecessor-version":[{"id":2589,"href":"https:\/\/dev.armandinolopesadvogados.pt\/dev\/wp-json\/wp\/v2\/pages\/2582\/revisions\/2589"}],"wp:attachment":[{"href":"https:\/\/dev.armandinolopesadvogados.pt\/dev\/wp-json\/wp\/v2\/media?parent=2582"}],"curies":[{"name":"wp","href":"https:\/\/api.w.org\/{rel}","templated":true}]}}